{"id":119,"date":"2024-03-09T16:38:52","date_gmt":"2024-03-09T15:38:52","guid":{"rendered":"https:\/\/www.collies-vom-wirbelwind.de\/?page_id=119"},"modified":"2025-04-13T13:22:17","modified_gmt":"2025-04-13T11:22:17","slug":"welpenaufzucht","status":"publish","type":"page","link":"https:\/\/www.collies-vom-wirbelwind.de\/?page_id=119","title":{"rendered":"Welpenaufzucht"},"content":{"rendered":"\n<h2 class=\"wp-block-heading\">Geburt<\/h2>\n\n\n\n<p>Die Welpen werden bei uns im Haus geboren. Eine Wurfkiste steht ca. 1 Woche vor Termin der H\u00fcndin zur Verf\u00fcgung.<\/p>\n\n\n\n<p>Selbstverst\u00e4ndlich darf sich die H\u00fcndin den Platz f\u00fcr die Geburt selber aussuchen. Bei der Geburt sind wir nat\u00fcrlich dabei um die H\u00fcndin zu unterst\u00fctzen. Jeder Welpe wird gewogen, fotografiert und von Anfang an alles notiert. <\/p>\n\n\n\n<p>In der ersten Zeit haben die H\u00fcndin und die Welpen ein Nachtlicht um Unf\u00e4llen vorzubeugen. In den ersten Wochen bekommen die Welpen alle Aufmerksamkeit und Betreuung, die ihre Entwicklung braucht und f\u00f6rdert. <\/p>\n\n\n\n<hr class=\"wp-block-separator has-alpha-channel-opacity\"\/>\n\n\n\n<h2 class=\"wp-block-heading\">Pr\u00e4gung<\/h2>\n\n\n\n<p>Sobald die kleinen Fellnasen ihre Augen und Ohren offen haben, d\u00fcrfen sie nach und nach die kleine Welt um die Wurfkiste erkunden. Dabei lernen sie alle t\u00e4glichen Alltagsger\u00e4usche kennen, z. B. Staubsauger, TV, F\u00f6n, K\u00fcchenger\u00e4te und \u00e4hnliches. <\/p>\n\n\n\n<p>Sobald sie fit sind und das Wetter passt k\u00f6nnen die kleinen die gro\u00dfe weite Welt des Garten erkunden und unserer anderen Tiere kennen lernen. Au\u00dferdem ist es wichtig sie an verschiedenen Untergr\u00fcnde, wie Sand, Steine, feuchtes Gras zu gew\u00f6hnen. Sp\u00e4ter steht ihnen der Welpenspielplatz mit Wackelbrett , Nestschaukel, Kriechtunnel usw. zur Verf\u00fcgung. Ab ca. der 6. Woche werden sie an Halsband und Leine gew\u00f6hnt und es werden kleinere Ausfl\u00fcge in die n\u00e4here Umgebung gemacht. Um sie ans Autofahren zu gew\u00f6hnen fahren wir mit den Zwergen auch kleinere Strecken mit unserem Bus.<\/p>\n\n\n\n<p><\/p>\n\n\n\n<hr class=\"wp-block-separator has-alpha-channel-opacity\"\/>\n\n\n\n<h2 class=\"wp-block-heading\">Besuche <\/h2>\n\n\n\n<p>Besuche k\u00f6nnen nach Absprache ab der 4. Woche erfolgen.<\/p>\n\n\n\n<p>Gerne lernen wir Sie vorher schon nach M\u00f6glichkeit pers\u00f6nlich kennen, was bestimmt auch in Ihrem Interessen ist.<\/p>\n","protected":false},"excerpt":{"rendered":"<p>Geburt Die Welpen werden bei uns im Haus geboren. Eine Wurfkiste steht ca. 1 Woche vor Termin der H\u00fcndin zur<\/p>\n<p><a href=\"https:\/\/www.collies-vom-wirbelwind.de\/?page_id=119\" class=\"more-link\">Continue reading<span class=\"screen-reader-text\">Welpenaufzucht<\/span><\/a><\/p>\n","protected":false},"author":1,"featured_media":182,"parent":44,"menu_order":0,"comment_status":"closed","ping_status":"closed","template":"","meta":{"footnotes":""},"class_list":["post-119","page","type-page","status-publish","has-post-thumbnail","hentry"],"_links":{"self":[{"href":"https:\/\/www.collies-vom-wirbelwind.de\/index.php?rest_route=\/wp\/v2\/pages\/119","targetHints":{"allow":["GET"]}}],"collection":[{"href":"https:\/\/www.collies-vom-wirbelwind.de\/index.php?rest_route=\/wp\/v2\/pages"}],"about":[{"href":"https:\/\/www.collies-vom-wirbelwind.de\/index.php?rest_route=\/wp\/v2\/types\/page"}],"author":[{"embeddable":true,"href":"https:\/\/www.collies-vom-wirbelwind.de\/index.php?rest_route=\/wp\/v2\/users\/1"}],"replies":[{"embeddable":true,"href":"https:\/\/www.collies-vom-wirbelwind.de\/index.php?rest_route=%2Fwp%2Fv2%2Fcomments&post=119"}],"version-history":[{"count":5,"href":"https:\/\/www.collies-vom-wirbelwind.de\/index.php?rest_route=\/wp\/v2\/pages\/119\/revisions"}],"predecessor-version":[{"id":220,"href":"https:\/\/www.collies-vom-wirbelwind.de\/index.php?rest_route=\/wp\/v2\/pages\/119\/revisions\/220"}],"up":[{"embeddable":true,"href":"https:\/\/www.collies-vom-wirbelwind.de\/index.php?rest_route=\/wp\/v2\/pages\/44"}],"wp:featuredmedia":[{"embeddable":true,"href":"https:\/\/www.collies-vom-wirbelwind.de\/index.php?rest_route=\/wp\/v2\/media\/182"}],"wp:attachment":[{"href":"https:\/\/www.collies-vom-wirbelwind.de\/index.php?rest_route=%2Fwp%2Fv2%2Fmedia&parent=119"}],"curies":[{"name":"wp","href":"https:\/\/api.w.org\/{rel}","templated":true}]}}