{"id":44,"date":"2024-03-07T18:26:32","date_gmt":"2024-03-07T17:26:32","guid":{"rendered":"https:\/\/www.collies-vom-wirbelwind.de\/?page_id=44"},"modified":"2026-02-27T16:41:40","modified_gmt":"2026-02-27T15:41:40","slug":"collies-vom-wirbelwind","status":"publish","type":"page","link":"https:\/\/www.collies-vom-wirbelwind.de\/","title":{"rendered":"Ein herzliches Willkommen"},"content":{"rendered":"\n<h2 class=\"wp-block-heading has-text-align-center\">bei den amerikanische Collies vom Wirbelwind<\/h2>\n\n\n\n<hr class=\"wp-block-separator has-alpha-channel-opacity\"\/>\n\n\n\n<p>Herzlich Willkommen auf der Homepage unserer kleinen und liebevollen Hobbyzucht der amerikanischen Collies vom Wirbelwind.<\/p>\n\n\n\n<figure class=\"wp-block-image size-large\"><img loading=\"lazy\" decoding=\"async\" width=\"1024\" height=\"768\" src=\"https:\/\/www.collies-vom-wirbelwind.de\/wp-content\/uploads\/2024\/05\/Gina-1-1024x768.jpg\" alt=\"\" class=\"wp-image-181\" srcset=\"https:\/\/www.collies-vom-wirbelwind.de\/wp-content\/uploads\/2024\/05\/Gina-1-1024x768.jpg 1024w, https:\/\/www.collies-vom-wirbelwind.de\/wp-content\/uploads\/2024\/05\/Gina-1-300x225.jpg 300w, https:\/\/www.collies-vom-wirbelwind.de\/wp-content\/uploads\/2024\/05\/Gina-1-768x576.jpg 768w, https:\/\/www.collies-vom-wirbelwind.de\/wp-content\/uploads\/2024\/05\/Gina-1-1536x1152.jpg 1536w, https:\/\/www.collies-vom-wirbelwind.de\/wp-content\/uploads\/2024\/05\/Gina-1-2048x1536.jpg 2048w, https:\/\/www.collies-vom-wirbelwind.de\/wp-content\/uploads\/2024\/05\/Gina-1-440x330.jpg 440w, https:\/\/www.collies-vom-wirbelwind.de\/wp-content\/uploads\/2024\/05\/Gina-1-920x690.jpg 920w\" sizes=\"auto, (max-width: 1024px) 100vw, 1024px\" \/><\/figure>\n\n\n\n<hr class=\"wp-block-separator has-alpha-channel-opacity\"\/>\n\n\n\n<p>Wir, das sind mein Mann und ich, unsere 3 erwachsenen Kinder und 6 Enkelkinder, unser Hund Gina und 3 Kaninchen. Dazu der Deckr\u00fcde unserer Tochter.<\/p>\n\n\n\n<p class=\"has-text-align-center\"><mark style=\"background-color:rgba(0, 0, 0, 0)\" class=\"has-inline-color has-white-color\"><a href=\"https:\/\/www.amerikanische-collies-europa.de\/index.php\/de\/zucht2\/deckrueden\/deckruedenliste\">Braveheart of Kingly Shine<\/a><\/mark><\/p>\n\n\n\n<hr class=\"wp-block-separator has-alpha-channel-opacity\"\/>\n\n\n\n<figure class=\"wp-block-image size-large\"><img loading=\"lazy\" decoding=\"async\" width=\"768\" height=\"1024\" src=\"https:\/\/www.collies-vom-wirbelwind.de\/wp-content\/uploads\/2024\/10\/IMG_4601-1-768x1024.jpeg\" alt=\"\" class=\"wp-image-203\" srcset=\"https:\/\/www.collies-vom-wirbelwind.de\/wp-content\/uploads\/2024\/10\/IMG_4601-1-768x1024.jpeg 768w, https:\/\/www.collies-vom-wirbelwind.de\/wp-content\/uploads\/2024\/10\/IMG_4601-1-225x300.jpeg 225w, https:\/\/www.collies-vom-wirbelwind.de\/wp-content\/uploads\/2024\/10\/IMG_4601-1-1152x1536.jpeg 1152w, https:\/\/www.collies-vom-wirbelwind.de\/wp-content\/uploads\/2024\/10\/IMG_4601-1-1536x2048.jpeg 1536w, https:\/\/www.collies-vom-wirbelwind.de\/wp-content\/uploads\/2024\/10\/IMG_4601-1-scaled.jpeg 1920w\" sizes=\"auto, (max-width: 768px) 100vw, 768px\" \/><\/figure>\n\n\n\n<p>Zuhause sind wir im n\u00f6rdlichen Landkreis M\u00fcnchen in der drei Schl\u00f6ssergemeinde Oberschleissheim.<\/p>\n\n\n\n<p><\/p>\n","protected":false},"excerpt":{"rendered":"<p>bei den amerikanische Collies vom Wirbelwind Herzlich Willkommen auf der Homepage unserer kleinen und liebevollen Hobbyzucht der amerikanischen Collies vom<\/p>\n<p><a href=\"https:\/\/www.collies-vom-wirbelwind.de\/\" class=\"more-link\">Continue reading<span class=\"screen-reader-text\">Ein herzliches Willkommen<\/span><\/a><\/p>\n","protected":false},"author":1,"featured_media":181,"parent":0,"menu_order":0,"comment_status":"closed","ping_status":"closed","template":"","meta":{"footnotes":""},"class_list":["post-44","page","type-page","status-publish","has-post-thumbnail","hentry"],"_links":{"self":[{"href":"https:\/\/www.collies-vom-wirbelwind.de\/index.php?rest_route=\/wp\/v2\/pages\/44","targetHints":{"allow":["GET"]}}],"collection":[{"href":"https:\/\/www.collies-vom-wirbelwind.de\/index.php?rest_route=\/wp\/v2\/pages"}],"about":[{"href":"https:\/\/www.collies-vom-wirbelwind.de\/index.php?rest_route=\/wp\/v2\/types\/page"}],"author":[{"embeddable":true,"href":"https:\/\/www.collies-vom-wirbelwind.de\/index.php?rest_route=\/wp\/v2\/users\/1"}],"replies":[{"embeddable":true,"href":"https:\/\/www.collies-vom-wirbelwind.de\/index.php?rest_route=%2Fwp%2Fv2%2Fcomments&post=44"}],"version-history":[{"count":27,"href":"https:\/\/www.collies-vom-wirbelwind.de\/index.php?rest_route=\/wp\/v2\/pages\/44\/revisions"}],"predecessor-version":[{"id":231,"href":"https:\/\/www.collies-vom-wirbelwind.de\/index.php?rest_route=\/wp\/v2\/pages\/44\/revisions\/231"}],"wp:featuredmedia":[{"embeddable":true,"href":"https:\/\/www.collies-vom-wirbelwind.de\/index.php?rest_route=\/wp\/v2\/media\/181"}],"wp:attachment":[{"href":"https:\/\/www.collies-vom-wirbelwind.de\/index.php?rest_route=%2Fwp%2Fv2%2Fmedia&parent=44"}],"curies":[{"name":"wp","href":"https:\/\/api.w.org\/{rel}","templated":true}]}}